{"id":1488,"date":"2015-05-18T19:36:03","date_gmt":"2015-05-18T19:36:03","guid":{"rendered":"https:\/\/winesofsicily.ca\/page-daccueil\/"},"modified":"2022-11-16T16:30:36","modified_gmt":"2022-11-16T16:30:36","slug":"page-daccueil","status":"publish","type":"page","link":"https:\/\/winesofsicily.ca\/fr\/","title":{"rendered":"Page d&#8217;accueil"},"content":{"rendered":"<div class=\"fusion-fullwidth fullwidth-box fusion-fullwidth-1  fusion-parallax-none nonhundred-percent-fullwidth fusion-equal-height-columns home-grid-holder\" style=\"border-color:#eae9e9;border-bottom-width: 0px;border-top-width: 0px;border-bottom-style: solid;border-top-style: solid;padding-bottom:20px;padding-top:20px;padding-left:0px;padding-right:0px;background-color:rgba(255,255,255,0);\"><style type=\"text\/css\" scoped=\"scoped\">.fusion-fullwidth-1 {\n                            padding-left: 0px !important;\n                            padding-right: 0px !important;\n                        }<\/style><div class=\"fusion-row\">\n<div style=\"text-align: center;\"><a class=\"fusion-no-lightbox\" href=\"https:\/\/winesofsicily.ca\/fr\/sicilia-doc-sexprime\/\" target=\"_self\" rel=\"noopener\"><br \/>\n<img data-recalc-dims=\"1\" decoding=\"async\" src=\"https:\/\/i0.wp.com\/winesofsicily.com\/wp-content\/uploads\/2015\/05\/siciliaPlay.png?w=600\" alt=\"\"  \/><\/a><\/p>\n<h1 class=\"title-heading-center\" style=\"margin-bottom: 50px;\" data-fontsize=\"24\" data-lineheight=\"31\">Explorer la Sicile, une r\u00e9gion viticole authentique<\/h1>\n<div class=\"title-sep-container title-sep-container-right\">\n<div class=\"title-sep sep-double\"><\/div>\n<\/div>\n<\/div>\n<div class=\"fusion-one-third fusion-layout-column fusion-spacing-no home-grid\" style=\"margin-top:0px;margin-bottom:20px;\" id=\"home-grid1\"><div class=\"fusion-column-wrapper\" style=\"background:url(https:\/\/winesofsicily.ca\/wp-content\/uploads\/2015\/05\/Homepage-1.jpg) center center no-repeat ;-webkit-background-size:cover;-moz-background-size:cover;-o-background-size:cover;background-size:cover;\" data-bg-url=\"https:\/\/winesofsicily.ca\/wp-content\/uploads\/2015\/05\/Homepage-1.jpg\"><div class=\"fusion-column-table\"><div class=\"fusion-column-tablecell\"><p style=\"text-align: center;\"><a href=\"\/fr\/sicile-notre-histoire\/\">Sicile : Notre histoire<\/a><\/p>\n<div class=\"fusion-clearfix\"><\/div><\/div><\/div><\/div><\/div><div class=\"fusion-one-third fusion-layout-column fusion-spacing-no home-grid\" style=\"margin-top:0px;margin-bottom:20px;\" id=\"home-grid2\"><div class=\"fusion-column-wrapper\" style=\"background:url(https:\/\/winesofsicily.ca\/wp-content\/uploads\/2015\/05\/Homepage-2.jpg) center center no-repeat ;-webkit-background-size:cover;-moz-background-size:cover;-o-background-size:cover;background-size:cover;\" data-bg-url=\"https:\/\/winesofsicily.ca\/wp-content\/uploads\/2015\/05\/Homepage-2.jpg\"><div class=\"fusion-column-table\"><div class=\"fusion-column-tablecell\"><p style=\"text-align: center;\"><a href=\"\/fr\/mosaique-de-saveurs\/\">Une mosa\u00efque de saveurs<\/a><\/p>\n<div class=\"fusion-clearfix\"><\/div><\/div><\/div><\/div><\/div><div class=\"fusion-one-third fusion-layout-column fusion-column-last fusion-spacing-no home-grid\" style=\"margin-top:0px;margin-bottom:20px;\"><div class=\"fusion-column-wrapper\" style=\"background:url(https:\/\/winesofsicily.ca\/wp-content\/uploads\/2015\/05\/Homepage-3.jpg) center center no-repeat ;-webkit-background-size:cover;-moz-background-size:cover;-o-background-size:cover;background-size:cover;\" data-bg-url=\"https:\/\/winesofsicily.ca\/wp-content\/uploads\/2015\/05\/Homepage-3.jpg\"><div class=\"fusion-column-table\"><div class=\"fusion-column-tablecell\"><p style=\"text-align: center;\"><a href=\"\/fr\/decouvrez-nos-cepages\/\">D\u00e9couvrez nos c\u00e9pages <\/a><\/p>\n<div class=\"fusion-clearfix\"><\/div><\/div><\/div><\/div><\/div><div class=\"fusion-clearfix\"><\/div><div class=\"fusion-one-third fusion-layout-column fusion-spacing-no home-grid\" style=\"margin-top:0px;margin-bottom:20px;\"><div class=\"fusion-column-wrapper\" style=\"background:url(https:\/\/winesofsicily.ca\/wp-content\/uploads\/2015\/05\/Homepage-4.jpg) center center no-repeat ;-webkit-background-size:cover;-moz-background-size:cover;-o-background-size:cover;background-size:cover;\" data-bg-url=\"https:\/\/winesofsicily.ca\/wp-content\/uploads\/2015\/05\/Homepage-4.jpg\"><div class=\"fusion-column-table\"><div class=\"fusion-column-tablecell\"><p style=\"text-align: center;\"><a href=\"\/fr\/recettes-et-accords\/\">Recettes et accords <\/a><\/p>\n<div class=\"fusion-clearfix\"><\/div><\/div><\/div><\/div><\/div><div class=\"fusion-one-third fusion-layout-column fusion-spacing-no home-grid\" style=\"margin-top:0px;margin-bottom:20px;\"><div class=\"fusion-column-wrapper\" style=\"background:url(https:\/\/winesofsicily.ca\/wp-content\/uploads\/2015\/05\/Homepage-5.jpg) center center no-repeat ;-webkit-background-size:cover;-moz-background-size:cover;-o-background-size:cover;background-size:cover;\" data-bg-url=\"https:\/\/winesofsicily.ca\/wp-content\/uploads\/2015\/05\/Homepage-5.jpg\"><div class=\"fusion-column-table\"><div class=\"fusion-column-tablecell\"><p style=\"text-align: center;\"><a href=\"\/fr\/achetez-des-vins-de-sicile-doc\/\">Achetez des vins de Sicile DOC<\/a><\/p>\n<div class=\"fusion-clearfix\"><\/div><\/div><\/div><\/div><\/div><div class=\"fusion-one-third fusion-layout-column fusion-column-last fusion-spacing-no home-grid\" style=\"margin-top:0px;margin-bottom:20px;\"><div class=\"fusion-column-wrapper\" style=\"background:url(https:\/\/winesofsicily.ca\/wp-content\/uploads\/2015\/05\/SDOC-Speaks_navThumb-300x300.png) right center no-repeat ;-webkit-background-size:cover;-moz-background-size:cover;-o-background-size:cover;background-size:cover;\" data-bg-url=\"https:\/\/winesofsicily.ca\/wp-content\/uploads\/2015\/05\/SDOC-Speaks_navThumb-300x300.png\"><div class=\"fusion-column-table\"><div class=\"fusion-column-tablecell\"><p style=\"text-align: center;\"><a href=\"\/fr\/sicilia-doc-sexprime\/\">Sicilia DOC s\u2019exprime<\/a><\/p>\n<div class=\"fusion-clearfix\"><\/div><\/div><\/div><\/div><\/div><div class=\"fusion-clearfix\"><\/div><\/div><\/div><h2 style=\"font-size: 130%; padding-top: 30px; text-align: center;\">La mission de Vins de Sicilia DOC est de rallier les vinificateurs de la r\u00e9gion anim\u00e9s par une m\u00eame passion pour, ensemble, faire cro\u00eetre la notori\u00e9t\u00e9 des vins de Sicile dans le monde entier.<\/h2>\n<p style=\"color: #363839; font-size: 24px; line-height: 32px; text-align: center; padding-top: 30px;\">Suivez-nous sur<\/p>\n<div class=\"aligncenter\"><div class=\"fusion-social-links\"><div class=\"fusion-social-networks boxed-icons\"><div class=\"fusion-social-networks-wrapper\"><a class=\"fusion-social-network-icon fusion-tooltip fusion-facebook fusion-icon-facebook\" style=\"color:#bebdbd;background-color:#382d25;border-color:#382d25;border-radius:4px;\" target=\"_blank\" href=\"https:\/\/facebook.com\/SiciliaDOCcanada\" data-placement=\"bottom\" data-title=\"Facebook\" data-toggle=\"tooltip\" title=\"Facebook\"><\/a><a class=\"fusion-social-network-icon fusion-tooltip fusion-instagram fusion-icon-instagram\" style=\"color:#bebdbd;background-color:#382d25;border-color:#382d25;border-radius:4px;\" target=\"_blank\" href=\"https:\/\/www.instagram.com\/siciliadoc_canada\/\" data-placement=\"bottom\" data-title=\"Instagram\" data-toggle=\"tooltip\" title=\"Instagram\"><\/a><a class=\"fusion-social-network-icon fusion-tooltip fusion-twitter fusion-icon-twitter\" style=\"color:#bebdbd;background-color:#382d25;border-color:#382d25;border-radius:4px;\" target=\"_blank\" href=\"http:\/\/www.twitter.com\/winesofsicily\" data-placement=\"bottom\" data-title=\"Twitter\" data-toggle=\"tooltip\" title=\"Twitter\"><\/a><\/div><\/div><\/div><\/div><div class=\"fusion-one-full fusion-layout-column fusion-column-last fusion-spacing-yes\" style=\"margin-top:0px;margin-bottom:20px;\"><div class=\"fusion-column-wrapper\"><div class=\"fusion-clearfix\"><\/div><\/div><\/div><div class=\"fusion-clearfix\"><\/div>\n","protected":false},"excerpt":{"rendered":"","protected":false},"author":1,"featured_media":0,"parent":0,"menu_order":0,"comment_status":"closed","ping_status":"closed","template":"","meta":{"nf_dc_page":"","_monsterinsights_skip_tracking":false,"_monsterinsights_sitenote_active":false,"_monsterinsights_sitenote_note":"","_monsterinsights_sitenote_category":0,"footnotes":""},"class_list":["post-1488","page","type-page","status-publish","hentry"],"yoast_head":"<!-- This site is optimized with the Yoast SEO plugin v27.4 - https:\/\/yoast.com\/product\/yoast-seo-wordpress\/ -->\n<title>Vins de Sicilia DOC<\/title>\n<meta name=\"description\" content=\"La mission de Sicilia DOC est de rallier les vinificateurs de la r\u00e9gion anim\u00e9s par une m\u00eame passion pour, ensemble, faire cro\u00eetre la notori\u00e9t\u00e9 des vins de Sicile dans le monde entier.\" \/>\n<meta name=\"robots\" content=\"index, follow, max-snippet:-1, max-image-preview:large, max-video-preview:-1\" \/>\n<link rel=\"canonical\" href=\"https:\/\/winesofsicily.ca\/fr\/\" \/>\n<meta property=\"og:locale\" content=\"fr_FR\" \/>\n<meta property=\"og:type\" content=\"article\" \/>\n<meta property=\"og:title\" content=\"Vins de Sicilia DOC\" \/>\n<meta property=\"og:description\" content=\"La mission de Sicilia DOC est de rallier les vinificateurs de la r\u00e9gion anim\u00e9s par une m\u00eame passion pour, ensemble, faire cro\u00eetre la notori\u00e9t\u00e9 des vins de Sicile dans le monde entier.\" \/>\n<meta property=\"og:url\" content=\"https:\/\/winesofsicily.ca\/fr\/\" \/>\n<meta property=\"og:site_name\" content=\"Wines of Sicily\" \/>\n<meta property=\"article:publisher\" content=\"http:\/\/www.facebook.com\/winesofsicily\" \/>\n<meta property=\"article:modified_time\" content=\"2022-11-16T16:30:36+00:00\" \/>\n<meta property=\"og:image\" content=\"http:\/\/winesofsicily.com\/wp-content\/uploads\/2015\/05\/siciliaPlay.png\" \/>\n<meta name=\"twitter:card\" content=\"summary_large_image\" \/>\n<meta name=\"twitter:site\" content=\"@winesofsicily\" \/>\n<meta name=\"twitter:label1\" content=\"Dur\u00e9e de lecture estim\u00e9e\" \/>\n\t<meta name=\"twitter:data1\" content=\"2 minutes\" \/>\n<script type=\"application\/ld+json\" class=\"yoast-schema-graph\">{\"@context\":\"https:\\\/\\\/schema.org\",\"@graph\":[{\"@type\":\"WebPage\",\"@id\":\"https:\\\/\\\/winesofsicily.ca\\\/fr\\\/\",\"url\":\"https:\\\/\\\/winesofsicily.ca\\\/fr\\\/\",\"name\":\"Vins de Sicilia DOC\",\"isPartOf\":{\"@id\":\"https:\\\/\\\/winesofsicily.ca\\\/fr\\\/#website\"},\"primaryImageOfPage\":{\"@id\":\"https:\\\/\\\/winesofsicily.ca\\\/fr\\\/#primaryimage\"},\"image\":{\"@id\":\"https:\\\/\\\/winesofsicily.ca\\\/fr\\\/#primaryimage\"},\"thumbnailUrl\":\"http:\\\/\\\/winesofsicily.com\\\/wp-content\\\/uploads\\\/2015\\\/05\\\/siciliaPlay.png\",\"datePublished\":\"2015-05-18T19:36:03+00:00\",\"dateModified\":\"2022-11-16T16:30:36+00:00\",\"description\":\"La mission de Sicilia DOC est de rallier les vinificateurs de la r\u00e9gion anim\u00e9s par une m\u00eame passion pour, ensemble, faire cro\u00eetre la notori\u00e9t\u00e9 des vins de Sicile dans le monde entier.\",\"breadcrumb\":{\"@id\":\"https:\\\/\\\/winesofsicily.ca\\\/fr\\\/#breadcrumb\"},\"inLanguage\":\"fr-FR\",\"potentialAction\":[{\"@type\":\"ReadAction\",\"target\":[\"https:\\\/\\\/winesofsicily.ca\\\/fr\\\/\"]}]},{\"@type\":\"ImageObject\",\"inLanguage\":\"fr-FR\",\"@id\":\"https:\\\/\\\/winesofsicily.ca\\\/fr\\\/#primaryimage\",\"url\":\"http:\\\/\\\/winesofsicily.com\\\/wp-content\\\/uploads\\\/2015\\\/05\\\/siciliaPlay.png\",\"contentUrl\":\"http:\\\/\\\/winesofsicily.com\\\/wp-content\\\/uploads\\\/2015\\\/05\\\/siciliaPlay.png\"},{\"@type\":\"BreadcrumbList\",\"@id\":\"https:\\\/\\\/winesofsicily.ca\\\/fr\\\/#breadcrumb\",\"itemListElement\":[{\"@type\":\"ListItem\",\"position\":1,\"name\":\"Home\",\"item\":\"http:\\\/\\\/winesofsicily.ca\\\/fr\\\/\"},{\"@type\":\"ListItem\",\"position\":2,\"name\":\"Page d&rsquo;accueil\"}]},{\"@type\":\"WebSite\",\"@id\":\"https:\\\/\\\/winesofsicily.ca\\\/fr\\\/#website\",\"url\":\"https:\\\/\\\/winesofsicily.ca\\\/fr\\\/\",\"name\":\"Wines of Sicily\",\"description\":\"Explore a Mosaic of Flavors\",\"potentialAction\":[{\"@type\":\"SearchAction\",\"target\":{\"@type\":\"EntryPoint\",\"urlTemplate\":\"https:\\\/\\\/winesofsicily.ca\\\/fr\\\/?s={search_term_string}\"},\"query-input\":{\"@type\":\"PropertyValueSpecification\",\"valueRequired\":true,\"valueName\":\"search_term_string\"}}],\"inLanguage\":\"fr-FR\"}]}<\/script>\n<!-- \/ Yoast SEO plugin. -->","yoast_head_json":{"title":"Vins de Sicilia DOC","description":"La mission de Sicilia DOC est de rallier les vinificateurs de la r\u00e9gion anim\u00e9s par une m\u00eame passion pour, ensemble, faire cro\u00eetre la notori\u00e9t\u00e9 des vins de Sicile dans le monde entier.","robots":{"index":"index","follow":"follow","max-snippet":"max-snippet:-1","max-image-preview":"max-image-preview:large","max-video-preview":"max-video-preview:-1"},"canonical":"https:\/\/winesofsicily.ca\/fr\/","og_locale":"fr_FR","og_type":"article","og_title":"Vins de Sicilia DOC","og_description":"La mission de Sicilia DOC est de rallier les vinificateurs de la r\u00e9gion anim\u00e9s par une m\u00eame passion pour, ensemble, faire cro\u00eetre la notori\u00e9t\u00e9 des vins de Sicile dans le monde entier.","og_url":"https:\/\/winesofsicily.ca\/fr\/","og_site_name":"Wines of Sicily","article_publisher":"http:\/\/www.facebook.com\/winesofsicily","article_modified_time":"2022-11-16T16:30:36+00:00","og_image":[{"url":"http:\/\/winesofsicily.com\/wp-content\/uploads\/2015\/05\/siciliaPlay.png","type":"","width":"","height":""}],"twitter_card":"summary_large_image","twitter_site":"@winesofsicily","twitter_misc":{"Dur\u00e9e de lecture estim\u00e9e":"2 minutes"},"schema":{"@context":"https:\/\/schema.org","@graph":[{"@type":"WebPage","@id":"https:\/\/winesofsicily.ca\/fr\/","url":"https:\/\/winesofsicily.ca\/fr\/","name":"Vins de Sicilia DOC","isPartOf":{"@id":"https:\/\/winesofsicily.ca\/fr\/#website"},"primaryImageOfPage":{"@id":"https:\/\/winesofsicily.ca\/fr\/#primaryimage"},"image":{"@id":"https:\/\/winesofsicily.ca\/fr\/#primaryimage"},"thumbnailUrl":"http:\/\/winesofsicily.com\/wp-content\/uploads\/2015\/05\/siciliaPlay.png","datePublished":"2015-05-18T19:36:03+00:00","dateModified":"2022-11-16T16:30:36+00:00","description":"La mission de Sicilia DOC est de rallier les vinificateurs de la r\u00e9gion anim\u00e9s par une m\u00eame passion pour, ensemble, faire cro\u00eetre la notori\u00e9t\u00e9 des vins de Sicile dans le monde entier.","breadcrumb":{"@id":"https:\/\/winesofsicily.ca\/fr\/#breadcrumb"},"inLanguage":"fr-FR","potentialAction":[{"@type":"ReadAction","target":["https:\/\/winesofsicily.ca\/fr\/"]}]},{"@type":"ImageObject","inLanguage":"fr-FR","@id":"https:\/\/winesofsicily.ca\/fr\/#primaryimage","url":"http:\/\/winesofsicily.com\/wp-content\/uploads\/2015\/05\/siciliaPlay.png","contentUrl":"http:\/\/winesofsicily.com\/wp-content\/uploads\/2015\/05\/siciliaPlay.png"},{"@type":"BreadcrumbList","@id":"https:\/\/winesofsicily.ca\/fr\/#breadcrumb","itemListElement":[{"@type":"ListItem","position":1,"name":"Home","item":"http:\/\/winesofsicily.ca\/fr\/"},{"@type":"ListItem","position":2,"name":"Page d&rsquo;accueil"}]},{"@type":"WebSite","@id":"https:\/\/winesofsicily.ca\/fr\/#website","url":"https:\/\/winesofsicily.ca\/fr\/","name":"Wines of Sicily","description":"Explore a Mosaic of Flavors","potentialAction":[{"@type":"SearchAction","target":{"@type":"EntryPoint","urlTemplate":"https:\/\/winesofsicily.ca\/fr\/?s={search_term_string}"},"query-input":{"@type":"PropertyValueSpecification","valueRequired":true,"valueName":"search_term_string"}}],"inLanguage":"fr-FR"}]}},"jetpack_sharing_enabled":true,"_links":{"self":[{"href":"https:\/\/winesofsicily.ca\/fr\/wp-json\/wp\/v2\/pages\/1488","targetHints":{"allow":["GET"]}}],"collection":[{"href":"https:\/\/winesofsicily.ca\/fr\/wp-json\/wp\/v2\/pages"}],"about":[{"href":"https:\/\/winesofsicily.ca\/fr\/wp-json\/wp\/v2\/types\/page"}],"author":[{"embeddable":true,"href":"https:\/\/winesofsicily.ca\/fr\/wp-json\/wp\/v2\/users\/1"}],"replies":[{"embeddable":true,"href":"https:\/\/winesofsicily.ca\/fr\/wp-json\/wp\/v2\/comments?post=1488"}],"version-history":[{"count":0,"href":"https:\/\/winesofsicily.ca\/fr\/wp-json\/wp\/v2\/pages\/1488\/revisions"}],"wp:attachment":[{"href":"https:\/\/winesofsicily.ca\/fr\/wp-json\/wp\/v2\/media?parent=1488"}],"curies":[{"name":"wp","href":"https:\/\/api.w.org\/{rel}","templated":true}]}}