{"id":1489,"date":"2015-05-18T02:45:21","date_gmt":"2015-05-18T02:45:21","guid":{"rendered":"https:\/\/winesofsicily.ca\/?page_id=1489"},"modified":"2022-11-14T18:12:03","modified_gmt":"2022-11-14T18:12:03","slug":"sicile-notre-histoire","status":"publish","type":"page","link":"https:\/\/winesofsicily.ca\/fr\/sicile-notre-histoire\/","title":{"rendered":"Sicile : Notre histoire"},"content":{"rendered":"<div class=\"fusion-one-half fusion-layout-column fusion-spacing-yes\" style=\"margin-top:0px;margin-bottom:20px;\"><div class=\"fusion-column-wrapper\"><div class=\"imageframe-align-center\"><span style=\"border:10px solid #f6f6f6;\" class=\"fusion-imageframe imageframe-none imageframe-1 hover-type-none\"> <img data-recalc-dims=\"1\" loading=\"lazy\" decoding=\"async\" src=\"https:\/\/i0.wp.com\/winesofsicily.ca\/wp-content\/uploads\/2015\/05\/OurStory-1.jpg?resize=445%2C297&#038;ssl=1\" alt=\"Sicily: Our Story\" width=\"445\" height=\"297\"class=\"img-responsive wp-image-556\" srcset=\"https:\/\/i0.wp.com\/winesofsicily.ca\/wp-content\/uploads\/2015\/05\/OurStory-1.jpg?resize=300%2C200&amp;ssl=1 300w, https:\/\/i0.wp.com\/winesofsicily.ca\/wp-content\/uploads\/2015\/05\/OurStory-1.jpg?w=445&amp;ssl=1 445w\" sizes=\"auto, (max-width: 800px) 100vw, 1100px\" \/><\/span><\/div><div class=\"slide-caption\">&#8220;La Sicile est une terre de contrastes, dot\u00e9e d\u2019un fabuleux patrimoine de vieilles vignes. Celles-ci nous rappellent que la Sicile jouit d\u2019une r\u00e9elle biodiversit\u00e9 et que ses c\u00e9pages expriment toute la complexit\u00e9 des terroirs d\u2019appellation de l\u2019\u00eele, tout en \u00e9tant particuli\u00e8rement bien adapt\u00e9s au climat m\u00e9diterran\u00e9en.&#8221;<\/div>\n<div class=\"slide-credit\">Jean-Luc Etievent, cofondateur de Wine Mosaic<\/div>\n<div class=\"fusion-clearfix\"><\/div><\/div><\/div><div class=\"fusion-one-half fusion-layout-column fusion-column-last fusion-spacing-yes\" style=\"margin-top:0px;margin-bottom:20px;\"><div class=\"fusion-column-wrapper\"><div class=\"fusion-title title fusion-sep-none fusion-title-size-one\" style=\"margin-top:0px;margin-bottom:31px;\"><h1 class=\"title-heading-left\">Sicile : Notre histoire<\/h1><\/div><p>La r\u00e9putation de la Sicile comme paradis de la gastronomie et des vins persiste depuis plus de 3 000 ans.<\/p>\n<p>Tout a commenc\u00e9 au VIIIe si\u00e8cle av. J.-C. avec l\u2019arriv\u00e9e, dans l\u2019est de la Sicile, des Grecs qui ont implant\u00e9 des pratiques viticoles m\u00e9thodiques afin de produire du vin de qualit\u00e9.<\/p>\n<p>Au fil des si\u00e8cles, les Ph\u00e9niciens et les Romains ont fait le commerce du vin sicilien, en vantant sa puissance et ses qualit\u00e9s distinctives. Les meilleures vignes se sont multipli\u00e9es, la viticulture s\u2019est d\u00e9velopp\u00e9e et les vins siciliens se sont fait conna\u00eetre, sur l\u2019\u00eele et ailleurs. Aujourd\u2019hui, nous r\u00e9coltons le fruit de leurs efforts.<\/p>\n<p>Malgr\u00e9 les nombreux changements, la plupart des c\u00e9pages indig\u00e8nes et des traditions viticoles s\u00e9culaires continuent de jouer un r\u00f4le important en Sicile. Gr\u00e2ce aux soins m\u00e9ticuleux des vignobles et au traitement d\u00e9licat des baies dans les exploitations vinicoles de l\u2019\u00eele, les vins d\u2019appellation Sicilia DOC (d\u00e9nomination d\u2019origine contr\u00f4l\u00e9e) pr\u00e9sentent de riches palettes aromatiques qui ont fait la renomm\u00e9e de la Sicile et comptent certains des meilleurs vins de l\u2019Italie.<\/p>\n<div class=\"fusion-clearfix\"><\/div><\/div><\/div><div class=\"fusion-clearfix\"><\/div><div class=\"fusion-one-half fusion-layout-column fusion-spacing-yes push\" style=\"margin-top:0px;margin-bottom:20px;\"><div class=\"fusion-column-wrapper\"><span style=\"border:10px solid #f6f6f6;\" class=\"fusion-imageframe imageframe-none imageframe-2 hover-type-none\"> <img data-recalc-dims=\"1\" loading=\"lazy\" decoding=\"async\" src=\"https:\/\/i0.wp.com\/winesofsicily.ca\/wp-content\/uploads\/2015\/05\/OurStory-2.jpg?resize=431%2C287&#038;ssl=1\" alt=\"Modern Wines Building on Historic Legacy\" width=\"431\" height=\"287\"class=\"img-responsive wp-image-557\" srcset=\"https:\/\/i0.wp.com\/winesofsicily.ca\/wp-content\/uploads\/2015\/05\/OurStory-2.jpg?resize=300%2C200&amp;ssl=1 300w, https:\/\/i0.wp.com\/winesofsicily.ca\/wp-content\/uploads\/2015\/05\/OurStory-2.jpg?w=431&amp;ssl=1 431w\" sizes=\"auto, (max-width: 800px) 100vw, 1100px\" \/><\/span><div class=\"fusion-clearfix\"><\/div><\/div><\/div><div class=\"fusion-one-half fusion-layout-column fusion-column-last fusion-spacing-yes pull\" style=\"margin-top:0px;margin-bottom:20px;\"><div class=\"fusion-column-wrapper\"><div class=\"fusion-title title fusion-sep-none fusion-title-size-one\" style=\"margin-top:0px;margin-bottom:31px;\"><h1 class=\"title-heading-left\">Des vins modernes qui tirent parti<br \/>\nd\u2019un h\u00e9ritage historique<\/h1><\/div><p>Des si\u00e8cles de vinification dans chacune des r\u00e9gions de la Sicile t\u00e9moignent d\u2019un h\u00e9ritage viticole diversifi\u00e9 qui fait le bonheur des amateurs de vin du monde entier.<\/p>\n<p>Chaque mill\u00e9sime est issu de m\u00e9thodes naturelles et durables pratiqu\u00e9es dans les vignobles et de techniques douces dans les chais, produisant des vins qui expriment parfaitement la richesse des c\u00e9pages et des terroirs de la Sicile. Fid\u00e8les aux traditions ancestrales de l\u2019\u00eele tout en adoptant des pratiques \u0153nologiques modernes, les viticulteurs red\u00e9finissent sans cesse la sp\u00e9cificit\u00e9 de certains des vins les plus anciens et typ\u00e9s du monde.<\/p>\n<p>Ces techniques ax\u00e9es sur la qualit\u00e9 bonifient les vins siciliens, en leur conf\u00e9rant une fra\u00eecheur optimale, une \u00e9l\u00e9gante structure et une personnalit\u00e9 distinctive, et ce, dans chaque bouteille. L\u2019appellation Sicilia DOC est \u00e9galement un gage d\u2019authenticit\u00e9 du vin comme \u00e9l\u00e9ment intrins\u00e8que de la riche mosa\u00efque vinicole de la Sicile.<\/p>\n<div class=\"fusion-clearfix\"><\/div><\/div><\/div><div class=\"fusion-clearfix\"><\/div><div class=\"fusion-one-half fusion-layout-column fusion-spacing-yes\" style=\"margin-top:0px;margin-bottom:20px;\"><div class=\"fusion-column-wrapper\"><span style=\"border:10px solid #f6f6f6;\" class=\"fusion-imageframe imageframe-none imageframe-3 hover-type-none\"> <img data-recalc-dims=\"1\" loading=\"lazy\" decoding=\"async\" src=\"https:\/\/i0.wp.com\/winesofsicily.ca\/wp-content\/uploads\/2015\/05\/OurStory-3.jpg?resize=408%2C475&#038;ssl=1\" alt=\"\" width=\"408\" height=\"475\"class=\"img-responsive wp-image-558\" srcset=\"https:\/\/i0.wp.com\/winesofsicily.ca\/wp-content\/uploads\/2015\/05\/OurStory-3.jpg?resize=258%2C300&amp;ssl=1 258w, https:\/\/i0.wp.com\/winesofsicily.ca\/wp-content\/uploads\/2015\/05\/OurStory-3.jpg?w=408&amp;ssl=1 408w\" sizes=\"auto, (max-width: 800px) 100vw, 1100px\" \/><\/span><div class=\"fusion-clearfix\"><\/div><\/div><\/div><div class=\"fusion-one-half fusion-layout-column fusion-column-last fusion-spacing-yes\" style=\"margin-top:0px;margin-bottom:20px;\"><div class=\"fusion-column-wrapper\"><div class=\"fusion-title title fusion-sep-none fusion-title-size-one\" style=\"margin-top:0px;margin-bottom:31px;\"><h1 class=\"title-heading-left\">Des racines anciennes aux tables modernes<br \/>\n<\/h1><\/div><p>Les apprentissages du pass\u00e9 se refl\u00e8tent dans le travail des vignerons modernes. De nos jours, les meilleurs vins siciliens sont \u00e9labor\u00e9s \u00e0 partir de c\u00e9pages indig\u00e8nes anciens et d\u00e9gust\u00e9s dans les restaurants et dans les foyers dans le monde entier. Au Canada, les chefs et les sommeliers reconnaissent les vins de Sicile comme un excellent choix de vins polyvalents qui se pr\u00eatent aux petites et grandes occasions.<\/p>\n<p>Maintenant que les vins Sicilia DOC sont offerts sur le march\u00e9 canadien, leur destin\u00e9e est prometteuse. Tandis que la r\u00e9gion s\u2019ouvre \u00e0 tous les horizons, l\u2019avenir augure bien pour cette \u00eele de la M\u00e9diterran\u00e9e proposant une vaste mosa\u00efque de vins.<\/p>\n<div class=\"fusion-clearfix\"><\/div><\/div><\/div><div class=\"fusion-clearfix\"><\/div>\n","protected":false},"excerpt":{"rendered":"","protected":false},"author":7,"featured_media":0,"parent":0,"menu_order":1,"comment_status":"closed","ping_status":"closed","template":"","meta":{"nf_dc_page":"","_monsterinsights_skip_tracking":false,"_monsterinsights_sitenote_active":false,"_monsterinsights_sitenote_note":"","_monsterinsights_sitenote_category":0,"footnotes":""},"class_list":["post-1489","page","type-page","status-publish","hentry"],"yoast_head":"<!-- This site is optimized with the Yoast SEO plugin v27.4 - https:\/\/yoast.com\/product\/yoast-seo-wordpress\/ -->\n<title>Sicile : Notre histoire<\/title>\n<meta name=\"description\" content=\"La r\u00e9putation de la Sicile comme paradis de la gastronomie et des vins persiste depuis plus de 3 000 ans.\" \/>\n<meta name=\"robots\" content=\"index, follow, max-snippet:-1, max-image-preview:large, max-video-preview:-1\" \/>\n<link rel=\"canonical\" href=\"https:\/\/winesofsicily.ca\/fr\/sicile-notre-histoire\/\" \/>\n<meta property=\"og:locale\" content=\"fr_FR\" \/>\n<meta property=\"og:type\" content=\"article\" \/>\n<meta property=\"og:title\" content=\"Sicile : Notre histoire\" \/>\n<meta property=\"og:description\" content=\"La r\u00e9putation de la Sicile comme paradis de la gastronomie et des vins persiste depuis plus de 3 000 ans.\" \/>\n<meta property=\"og:url\" content=\"https:\/\/winesofsicily.ca\/fr\/sicile-notre-histoire\/\" \/>\n<meta property=\"og:site_name\" content=\"Wines of Sicily\" \/>\n<meta property=\"article:publisher\" content=\"http:\/\/www.facebook.com\/winesofsicily\" \/>\n<meta property=\"article:modified_time\" content=\"2022-11-14T18:12:03+00:00\" \/>\n<meta property=\"og:image\" content=\"https:\/\/winesofsicily.ca\/wp-content\/uploads\/2015\/05\/OurStory-1.jpg\" \/>\n<meta name=\"twitter:card\" content=\"summary_large_image\" \/>\n<meta name=\"twitter:site\" content=\"@winesofsicily\" \/>\n<meta name=\"twitter:label1\" content=\"Dur\u00e9e de lecture estim\u00e9e\" \/>\n\t<meta name=\"twitter:data1\" content=\"4 minutes\" \/>\n<script type=\"application\/ld+json\" class=\"yoast-schema-graph\">{\"@context\":\"https:\\\/\\\/schema.org\",\"@graph\":[{\"@type\":\"WebPage\",\"@id\":\"https:\\\/\\\/winesofsicily.ca\\\/fr\\\/sicile-notre-histoire\\\/\",\"url\":\"https:\\\/\\\/winesofsicily.ca\\\/fr\\\/sicile-notre-histoire\\\/\",\"name\":\"Sicile : Notre histoire\",\"isPartOf\":{\"@id\":\"https:\\\/\\\/winesofsicily.ca\\\/fr\\\/#website\"},\"primaryImageOfPage\":{\"@id\":\"https:\\\/\\\/winesofsicily.ca\\\/fr\\\/sicile-notre-histoire\\\/#primaryimage\"},\"image\":{\"@id\":\"https:\\\/\\\/winesofsicily.ca\\\/fr\\\/sicile-notre-histoire\\\/#primaryimage\"},\"thumbnailUrl\":\"https:\\\/\\\/winesofsicily.ca\\\/wp-content\\\/uploads\\\/2015\\\/05\\\/OurStory-1.jpg\",\"datePublished\":\"2015-05-18T02:45:21+00:00\",\"dateModified\":\"2022-11-14T18:12:03+00:00\",\"description\":\"La r\u00e9putation de la Sicile comme paradis de la gastronomie et des vins persiste depuis plus de 3 000 ans.\",\"breadcrumb\":{\"@id\":\"https:\\\/\\\/winesofsicily.ca\\\/fr\\\/sicile-notre-histoire\\\/#breadcrumb\"},\"inLanguage\":\"fr-FR\",\"potentialAction\":[{\"@type\":\"ReadAction\",\"target\":[\"https:\\\/\\\/winesofsicily.ca\\\/fr\\\/sicile-notre-histoire\\\/\"]}]},{\"@type\":\"ImageObject\",\"inLanguage\":\"fr-FR\",\"@id\":\"https:\\\/\\\/winesofsicily.ca\\\/fr\\\/sicile-notre-histoire\\\/#primaryimage\",\"url\":\"https:\\\/\\\/winesofsicily.ca\\\/wp-content\\\/uploads\\\/2015\\\/05\\\/OurStory-1.jpg\",\"contentUrl\":\"https:\\\/\\\/winesofsicily.ca\\\/wp-content\\\/uploads\\\/2015\\\/05\\\/OurStory-1.jpg\"},{\"@type\":\"BreadcrumbList\",\"@id\":\"https:\\\/\\\/winesofsicily.ca\\\/fr\\\/sicile-notre-histoire\\\/#breadcrumb\",\"itemListElement\":[{\"@type\":\"ListItem\",\"position\":1,\"name\":\"Home\",\"item\":\"http:\\\/\\\/winesofsicily.ca\\\/fr\\\/\"},{\"@type\":\"ListItem\",\"position\":2,\"name\":\"Sicile : Notre histoire\"}]},{\"@type\":\"WebSite\",\"@id\":\"https:\\\/\\\/winesofsicily.ca\\\/fr\\\/#website\",\"url\":\"https:\\\/\\\/winesofsicily.ca\\\/fr\\\/\",\"name\":\"Wines of Sicily\",\"description\":\"Explore a Mosaic of Flavors\",\"potentialAction\":[{\"@type\":\"SearchAction\",\"target\":{\"@type\":\"EntryPoint\",\"urlTemplate\":\"https:\\\/\\\/winesofsicily.ca\\\/fr\\\/?s={search_term_string}\"},\"query-input\":{\"@type\":\"PropertyValueSpecification\",\"valueRequired\":true,\"valueName\":\"search_term_string\"}}],\"inLanguage\":\"fr-FR\"}]}<\/script>\n<!-- \/ Yoast SEO plugin. -->","yoast_head_json":{"title":"Sicile : Notre histoire","description":"La r\u00e9putation de la Sicile comme paradis de la gastronomie et des vins persiste depuis plus de 3 000 ans.","robots":{"index":"index","follow":"follow","max-snippet":"max-snippet:-1","max-image-preview":"max-image-preview:large","max-video-preview":"max-video-preview:-1"},"canonical":"https:\/\/winesofsicily.ca\/fr\/sicile-notre-histoire\/","og_locale":"fr_FR","og_type":"article","og_title":"Sicile : Notre histoire","og_description":"La r\u00e9putation de la Sicile comme paradis de la gastronomie et des vins persiste depuis plus de 3 000 ans.","og_url":"https:\/\/winesofsicily.ca\/fr\/sicile-notre-histoire\/","og_site_name":"Wines of Sicily","article_publisher":"http:\/\/www.facebook.com\/winesofsicily","article_modified_time":"2022-11-14T18:12:03+00:00","og_image":[{"url":"https:\/\/winesofsicily.ca\/wp-content\/uploads\/2015\/05\/OurStory-1.jpg","type":"","width":"","height":""}],"twitter_card":"summary_large_image","twitter_site":"@winesofsicily","twitter_misc":{"Dur\u00e9e de lecture estim\u00e9e":"4 minutes"},"schema":{"@context":"https:\/\/schema.org","@graph":[{"@type":"WebPage","@id":"https:\/\/winesofsicily.ca\/fr\/sicile-notre-histoire\/","url":"https:\/\/winesofsicily.ca\/fr\/sicile-notre-histoire\/","name":"Sicile : Notre histoire","isPartOf":{"@id":"https:\/\/winesofsicily.ca\/fr\/#website"},"primaryImageOfPage":{"@id":"https:\/\/winesofsicily.ca\/fr\/sicile-notre-histoire\/#primaryimage"},"image":{"@id":"https:\/\/winesofsicily.ca\/fr\/sicile-notre-histoire\/#primaryimage"},"thumbnailUrl":"https:\/\/winesofsicily.ca\/wp-content\/uploads\/2015\/05\/OurStory-1.jpg","datePublished":"2015-05-18T02:45:21+00:00","dateModified":"2022-11-14T18:12:03+00:00","description":"La r\u00e9putation de la Sicile comme paradis de la gastronomie et des vins persiste depuis plus de 3 000 ans.","breadcrumb":{"@id":"https:\/\/winesofsicily.ca\/fr\/sicile-notre-histoire\/#breadcrumb"},"inLanguage":"fr-FR","potentialAction":[{"@type":"ReadAction","target":["https:\/\/winesofsicily.ca\/fr\/sicile-notre-histoire\/"]}]},{"@type":"ImageObject","inLanguage":"fr-FR","@id":"https:\/\/winesofsicily.ca\/fr\/sicile-notre-histoire\/#primaryimage","url":"https:\/\/winesofsicily.ca\/wp-content\/uploads\/2015\/05\/OurStory-1.jpg","contentUrl":"https:\/\/winesofsicily.ca\/wp-content\/uploads\/2015\/05\/OurStory-1.jpg"},{"@type":"BreadcrumbList","@id":"https:\/\/winesofsicily.ca\/fr\/sicile-notre-histoire\/#breadcrumb","itemListElement":[{"@type":"ListItem","position":1,"name":"Home","item":"http:\/\/winesofsicily.ca\/fr\/"},{"@type":"ListItem","position":2,"name":"Sicile : Notre histoire"}]},{"@type":"WebSite","@id":"https:\/\/winesofsicily.ca\/fr\/#website","url":"https:\/\/winesofsicily.ca\/fr\/","name":"Wines of Sicily","description":"Explore a Mosaic of Flavors","potentialAction":[{"@type":"SearchAction","target":{"@type":"EntryPoint","urlTemplate":"https:\/\/winesofsicily.ca\/fr\/?s={search_term_string}"},"query-input":{"@type":"PropertyValueSpecification","valueRequired":true,"valueName":"search_term_string"}}],"inLanguage":"fr-FR"}]}},"jetpack_sharing_enabled":true,"_links":{"self":[{"href":"https:\/\/winesofsicily.ca\/fr\/wp-json\/wp\/v2\/pages\/1489","targetHints":{"allow":["GET"]}}],"collection":[{"href":"https:\/\/winesofsicily.ca\/fr\/wp-json\/wp\/v2\/pages"}],"about":[{"href":"https:\/\/winesofsicily.ca\/fr\/wp-json\/wp\/v2\/types\/page"}],"author":[{"embeddable":true,"href":"https:\/\/winesofsicily.ca\/fr\/wp-json\/wp\/v2\/users\/7"}],"replies":[{"embeddable":true,"href":"https:\/\/winesofsicily.ca\/fr\/wp-json\/wp\/v2\/comments?post=1489"}],"version-history":[{"count":0,"href":"https:\/\/winesofsicily.ca\/fr\/wp-json\/wp\/v2\/pages\/1489\/revisions"}],"wp:attachment":[{"href":"https:\/\/winesofsicily.ca\/fr\/wp-json\/wp\/v2\/media?parent=1489"}],"curies":[{"name":"wp","href":"https:\/\/api.w.org\/{rel}","templated":true}]}}