{"id":1493,"date":"2015-05-18T02:57:18","date_gmt":"2015-05-18T02:57:18","guid":{"rendered":"https:\/\/winesofsicily.ca\/?page_id=1493"},"modified":"2022-10-27T02:35:15","modified_gmt":"2022-10-27T02:35:15","slug":"mosaique-de-saveurs","status":"publish","type":"page","link":"https:\/\/winesofsicily.ca\/fr\/mosaique-de-saveurs\/","title":{"rendered":"Mosa\u00efque de saveurs"},"content":{"rendered":"<div class=\"fusion-one-half fusion-layout-column fusion-spacing-yes\" style=\"margin-top:0px;margin-bottom:20px;\"><div class=\"fusion-column-wrapper\"><div class=\"imageframe-align-center\"><span style=\"border:10px solid #f6f6f6;\" class=\"fusion-imageframe imageframe-none imageframe-1 hover-type-none\"> <img data-recalc-dims=\"1\" loading=\"lazy\" decoding=\"async\" src=\"https:\/\/i0.wp.com\/winesofsicily.ca\/wp-content\/uploads\/2015\/05\/Mosaic-1.jpg?resize=407%2C307&#038;ssl=1\" alt=\"Back to the Future\" width=\"407\" height=\"307\"class=\"img-responsive wp-image-579\" srcset=\"https:\/\/i0.wp.com\/winesofsicily.ca\/wp-content\/uploads\/2015\/05\/Mosaic-1.jpg?resize=300%2C226&amp;ssl=1 300w, https:\/\/i0.wp.com\/winesofsicily.ca\/wp-content\/uploads\/2015\/05\/Mosaic-1.jpg?w=407&amp;ssl=1 407w\" sizes=\"auto, (max-width: 800px) 100vw, 1100px\" \/><\/span><\/div><p class=\"photo-credit\" style=\"text-align: center;\">GIO MARTORANA<\/p>\n<div class=\"slide-caption\">&#8220;Les vins, le climat, la g\u00e9ographie, les gens\u2026 ces diff\u00e9rents \u00e9l\u00e9ments forment la trame d\u2019une tapisserie s\u00e9duisante.&#8221;<\/div>\n<div class=\"slide-credit\">Alison Napjus, r\u00e9dactrice principale, Wine Spectator<\/div>\n<div class=\"fusion-clearfix\"><\/div><\/div><\/div><div class=\"fusion-one-half fusion-layout-column fusion-column-last fusion-spacing-yes\" style=\"margin-top:0px;margin-bottom:20px;\"><div class=\"fusion-column-wrapper\"><div class=\"fusion-title title fusion-sep-none fusion-title-size-one\" style=\"margin-top:0px;margin-bottom:31px;\"><h1 class=\"title-heading-left\">Une mosa\u00efque de saveurs<br \/>\n<\/h1><\/div><p>C\u00e9l\u00e8bre dans le monde entier, la cuisine de la Sicile t\u00e9moigne de l\u2019abondance et de la biodiversit\u00e9 de l\u2019\u00eele; toutefois, si les ingr\u00e9dients siciliens font depuis longtemps partie de l\u2019exp\u00e9rience culinaire canadienne, les vins choisis pour accompagner ces plats sont rarement originaires de la Sicile. Heureusement pour les amateurs de vin, la situation \u00e9volue. Aujourd\u2019hui, l\u2019appellation Sicilia DOC met en valeur le patrimoine viticole de l\u2019\u00eele. L\u2019excellente cuisine sicilienne et celles du monde entier peuvent \u00eatre sublim\u00e9es par l\u2019\u00e9l\u00e9gance et l\u2019harmonie des vins siciliens.<\/p>\n<p>Maintenant plus que jamais, les viticulteurs misent sur le terroir m\u00e9diterran\u00e9en. Les conditions climatiques de la Sicile sont id\u00e9ales pour produire des raisins sains et d\u2019excellents vins aux ar\u00f4mes typ\u00e9s offrant un remarquable rapport qualit\u00e9-prix. Ceux qui ont d\u00e9j\u00e0 eu la chance de d\u00e9guster des vins siciliens, que ce soit avec des plats traditionnels de l\u2019\u00eele ou d\u2019autres mets, arrivent \u00e0 un constat : pour \u00eatre extraordinaires, les aliments et les vins n\u2019ont pas besoin de co\u00fbter cher.<\/p>\n<p>En d\u00e9couvrant les c\u00e9pages les plus r\u00e9pandus en Sicile \u2014 notamment le <strong>grillo, le lucido (catarratto), le nero d\u2019avola<\/strong> et le <strong>frappato<\/strong>, les amateurs de vins constatent que l\u2019\u00eele du soleil produit toute une gamme d\u2019ar\u00f4mes exquis, mais que c\u2019est l\u2019authenticit\u00e9 de la Sicile qui fait battre leur c\u0153ur.<\/p>\n<div class=\"fusion-clearfix\"><\/div><\/div><\/div><div class=\"fusion-clearfix\"><\/div><div class=\"fusion-one-half fusion-layout-column fusion-spacing-yes push\" style=\"margin-top:0px;margin-bottom:20px;\"><div class=\"fusion-column-wrapper\"><span style=\"border:10px solid #f6f6f6;\" class=\"fusion-imageframe imageframe-none imageframe-2 hover-type-none\"> <img data-recalc-dims=\"1\" loading=\"lazy\" decoding=\"async\" src=\"https:\/\/i0.wp.com\/winesofsicily.ca\/wp-content\/uploads\/2015\/05\/Mosaic-2.jpg?resize=407%2C307&#038;ssl=1\" alt=\"\" width=\"407\" height=\"307\"class=\"img-responsive wp-image-580\" srcset=\"https:\/\/i0.wp.com\/winesofsicily.ca\/wp-content\/uploads\/2015\/05\/Mosaic-2.jpg?resize=300%2C226&amp;ssl=1 300w, https:\/\/i0.wp.com\/winesofsicily.ca\/wp-content\/uploads\/2015\/05\/Mosaic-2.jpg?w=407&amp;ssl=1 407w\" sizes=\"auto, (max-width: 800px) 100vw, 1100px\" \/><\/span><div class=\"fusion-clearfix\"><\/div><\/div><\/div><div class=\"fusion-one-half fusion-layout-column fusion-column-last fusion-spacing-yes pull\" style=\"margin-top:0px;margin-bottom:20px;\"><div class=\"fusion-column-wrapper\"><div class=\"fusion-title title fusion-sep-none fusion-title-size-one\" style=\"margin-top:0px;margin-bottom:31px;\"><h1 class=\"title-heading-left\">Sicile 2.0<\/h1><\/div><p>Les exploitations vinicoles qui produisent des vins d\u2019appellation Sicilia DOC en cr\u00e9ant des expressions modernes \u00e0 partir d\u2019anciens c\u00e9pages indig\u00e8nes de l\u2019\u00eele savent que cela exige beaucoup d\u2019application et de d\u00e9termination. Elles misent toujours sur la qualit\u00e9 et demeurent \u00e0 l\u2019aff\u00fbt de fa\u00e7ons de la valoriser.<\/p>\n<p>Le travail collaboratif entre les vignerons et les chercheurs a contribu\u00e9 \u00e0 l\u2019adoption de pratiques durables dans chacune des provinces de l\u2019\u00eele. L\u2019exp\u00e9rimentation des m\u00e9thodes a r\u00e9v\u00e9l\u00e9 l\u2019importance de privil\u00e9gier des technologies douces qui garantissent la fra\u00eecheur, l\u2019\u00e9l\u00e9gance et le caract\u00e8re unique de tous les vins de Sicile DOC.<\/p>\n<p>En soutenant les efforts de chaque domaine pour am\u00e9liorer la culture du raisin et la vinification, l&#8217;organisation Sicilia DOC garantit aux consommateurs que chaque vin embouteill\u00e9 sous cette appellation incarne la diversit\u00e9 aromatique qui fait la renomm\u00e9e de l\u2019\u00eele depuis des mill\u00e9naires.<\/p>\n<div class=\"fusion-clearfix\"><\/div><\/div><\/div><div class=\"fusion-clearfix\"><\/div><div class=\"fusion-one-half fusion-layout-column fusion-spacing-yes\" style=\"margin-top:0px;margin-bottom:20px;\"><div class=\"fusion-column-wrapper\"><span style=\"border:10px solid #f6f6f6;\" class=\"fusion-imageframe imageframe-none imageframe-3 hover-type-none\"> <img data-recalc-dims=\"1\" loading=\"lazy\" decoding=\"async\" src=\"https:\/\/i0.wp.com\/winesofsicily.ca\/wp-content\/uploads\/2015\/05\/Mosaic-3.jpg?resize=405%2C274&#038;ssl=1\" alt=\"\" width=\"405\" height=\"274\"class=\"img-responsive wp-image-581\" srcset=\"https:\/\/i0.wp.com\/winesofsicily.ca\/wp-content\/uploads\/2015\/05\/Mosaic-3.jpg?resize=300%2C203&amp;ssl=1 300w, https:\/\/i0.wp.com\/winesofsicily.ca\/wp-content\/uploads\/2015\/05\/Mosaic-3.jpg?w=405&amp;ssl=1 405w\" sizes=\"auto, (max-width: 800px) 100vw, 1100px\" \/><\/span><div class=\"fusion-clearfix\"><\/div><\/div><\/div><div class=\"fusion-one-half fusion-layout-column fusion-column-last fusion-spacing-yes\" style=\"margin-top:0px;margin-bottom:20px;\"><div class=\"fusion-column-wrapper\"><div class=\"fusion-title title fusion-sep-none fusion-title-size-one\" style=\"margin-top:0px;margin-bottom:31px;\"><h1 class=\"title-heading-left\">Culture du vin et innovation<br \/>\n<\/h1><\/div><p>La Sicile est une \u00eele d\u2019une grande beaut\u00e9 naturelle et d\u2019une riche culture, o\u00f9 les producteurs novateurs allient traditions et techniques modernes pour cr\u00e9er des vins qui suscitent l\u2019engouement des amateurs de vin du monde entier.<\/p>\n<p>Le vignoble sicilien compte quelque 250 000 acres de c\u00e9pages indig\u00e8nes et internationaux et chaque mill\u00e9sime se d\u00e9cline en une vaste gamme de vins d\u00e9licieux et \u00e9l\u00e9gants.<\/p>\n<p>Les vinificateurs qui doivent leur succ\u00e8s \u00e0 la polyvalence des vins blancs de c\u00e9page grillo et aux ar\u00f4mes audacieux du nero d\u2019avola red\u00e9couvrent aujourd\u2019hui quelque 50 c\u00e9pages indig\u00e8nes exclusifs \u00e0 la Sicile.<\/p>\n<p><strong>\u00a0<\/strong><\/p>\n<p><strong>\u00a0<\/strong><\/p>\n<div class=\"fusion-clearfix\"><\/div><\/div><\/div><div class=\"fusion-clearfix\"><\/div>\n","protected":false},"excerpt":{"rendered":"","protected":false},"author":7,"featured_media":0,"parent":0,"menu_order":2,"comment_status":"closed","ping_status":"closed","template":"","meta":{"nf_dc_page":"","_monsterinsights_skip_tracking":false,"_monsterinsights_sitenote_active":false,"_monsterinsights_sitenote_note":"","_monsterinsights_sitenote_category":0,"footnotes":""},"class_list":["post-1493","page","type-page","status-publish","hentry"],"yoast_head":"<!-- This site is optimized with the Yoast SEO plugin v27.4 - https:\/\/yoast.com\/product\/yoast-seo-wordpress\/ -->\n<title>Mosa\u00efque de saveurs<\/title>\n<meta name=\"description\" content=\"C\u00e9l\u00e8bre dans le monde entier, la cuisine de la Sicile t\u00e9moigne de l\u2019abondance et de la biodiversit\u00e9 de l\u2019\u00eele\" \/>\n<meta name=\"robots\" content=\"index, follow, max-snippet:-1, max-image-preview:large, max-video-preview:-1\" \/>\n<link rel=\"canonical\" href=\"https:\/\/winesofsicily.ca\/fr\/mosaique-de-saveurs\/\" \/>\n<meta property=\"og:locale\" content=\"fr_FR\" \/>\n<meta property=\"og:type\" content=\"article\" \/>\n<meta property=\"og:title\" content=\"Mosa\u00efque de saveurs\" \/>\n<meta property=\"og:description\" content=\"C\u00e9l\u00e8bre dans le monde entier, la cuisine de la Sicile t\u00e9moigne de l\u2019abondance et de la biodiversit\u00e9 de l\u2019\u00eele\" \/>\n<meta property=\"og:url\" content=\"https:\/\/winesofsicily.ca\/fr\/mosaique-de-saveurs\/\" \/>\n<meta property=\"og:site_name\" content=\"Wines of Sicily\" \/>\n<meta property=\"article:publisher\" content=\"http:\/\/www.facebook.com\/winesofsicily\" \/>\n<meta property=\"article:modified_time\" content=\"2022-10-27T02:35:15+00:00\" \/>\n<meta property=\"og:image\" content=\"https:\/\/winesofsicily.ca\/wp-content\/uploads\/2015\/05\/Mosaic-1.jpg\" \/>\n<meta name=\"twitter:card\" content=\"summary_large_image\" \/>\n<meta name=\"twitter:site\" content=\"@winesofsicily\" \/>\n<meta name=\"twitter:label1\" content=\"Dur\u00e9e de lecture estim\u00e9e\" \/>\n\t<meta name=\"twitter:data1\" content=\"4 minutes\" \/>\n<script type=\"application\/ld+json\" class=\"yoast-schema-graph\">{\"@context\":\"https:\\\/\\\/schema.org\",\"@graph\":[{\"@type\":\"WebPage\",\"@id\":\"https:\\\/\\\/winesofsicily.ca\\\/fr\\\/mosaique-de-saveurs\\\/\",\"url\":\"https:\\\/\\\/winesofsicily.ca\\\/fr\\\/mosaique-de-saveurs\\\/\",\"name\":\"Mosa\u00efque de saveurs\",\"isPartOf\":{\"@id\":\"https:\\\/\\\/winesofsicily.ca\\\/fr\\\/#website\"},\"primaryImageOfPage\":{\"@id\":\"https:\\\/\\\/winesofsicily.ca\\\/fr\\\/mosaique-de-saveurs\\\/#primaryimage\"},\"image\":{\"@id\":\"https:\\\/\\\/winesofsicily.ca\\\/fr\\\/mosaique-de-saveurs\\\/#primaryimage\"},\"thumbnailUrl\":\"https:\\\/\\\/winesofsicily.ca\\\/wp-content\\\/uploads\\\/2015\\\/05\\\/Mosaic-1.jpg\",\"datePublished\":\"2015-05-18T02:57:18+00:00\",\"dateModified\":\"2022-10-27T02:35:15+00:00\",\"description\":\"C\u00e9l\u00e8bre dans le monde entier, la cuisine de la Sicile t\u00e9moigne de l\u2019abondance et de la biodiversit\u00e9 de l\u2019\u00eele\",\"breadcrumb\":{\"@id\":\"https:\\\/\\\/winesofsicily.ca\\\/fr\\\/mosaique-de-saveurs\\\/#breadcrumb\"},\"inLanguage\":\"fr-FR\",\"potentialAction\":[{\"@type\":\"ReadAction\",\"target\":[\"https:\\\/\\\/winesofsicily.ca\\\/fr\\\/mosaique-de-saveurs\\\/\"]}]},{\"@type\":\"ImageObject\",\"inLanguage\":\"fr-FR\",\"@id\":\"https:\\\/\\\/winesofsicily.ca\\\/fr\\\/mosaique-de-saveurs\\\/#primaryimage\",\"url\":\"https:\\\/\\\/winesofsicily.ca\\\/wp-content\\\/uploads\\\/2015\\\/05\\\/Mosaic-1.jpg\",\"contentUrl\":\"https:\\\/\\\/winesofsicily.ca\\\/wp-content\\\/uploads\\\/2015\\\/05\\\/Mosaic-1.jpg\"},{\"@type\":\"BreadcrumbList\",\"@id\":\"https:\\\/\\\/winesofsicily.ca\\\/fr\\\/mosaique-de-saveurs\\\/#breadcrumb\",\"itemListElement\":[{\"@type\":\"ListItem\",\"position\":1,\"name\":\"Home\",\"item\":\"http:\\\/\\\/winesofsicily.ca\\\/fr\\\/\"},{\"@type\":\"ListItem\",\"position\":2,\"name\":\"Mosa\u00efque de saveurs\"}]},{\"@type\":\"WebSite\",\"@id\":\"https:\\\/\\\/winesofsicily.ca\\\/fr\\\/#website\",\"url\":\"https:\\\/\\\/winesofsicily.ca\\\/fr\\\/\",\"name\":\"Wines of Sicily\",\"description\":\"Explore a Mosaic of Flavors\",\"potentialAction\":[{\"@type\":\"SearchAction\",\"target\":{\"@type\":\"EntryPoint\",\"urlTemplate\":\"https:\\\/\\\/winesofsicily.ca\\\/fr\\\/?s={search_term_string}\"},\"query-input\":{\"@type\":\"PropertyValueSpecification\",\"valueRequired\":true,\"valueName\":\"search_term_string\"}}],\"inLanguage\":\"fr-FR\"}]}<\/script>\n<!-- \/ Yoast SEO plugin. -->","yoast_head_json":{"title":"Mosa\u00efque de saveurs","description":"C\u00e9l\u00e8bre dans le monde entier, la cuisine de la Sicile t\u00e9moigne de l\u2019abondance et de la biodiversit\u00e9 de l\u2019\u00eele","robots":{"index":"index","follow":"follow","max-snippet":"max-snippet:-1","max-image-preview":"max-image-preview:large","max-video-preview":"max-video-preview:-1"},"canonical":"https:\/\/winesofsicily.ca\/fr\/mosaique-de-saveurs\/","og_locale":"fr_FR","og_type":"article","og_title":"Mosa\u00efque de saveurs","og_description":"C\u00e9l\u00e8bre dans le monde entier, la cuisine de la Sicile t\u00e9moigne de l\u2019abondance et de la biodiversit\u00e9 de l\u2019\u00eele","og_url":"https:\/\/winesofsicily.ca\/fr\/mosaique-de-saveurs\/","og_site_name":"Wines of Sicily","article_publisher":"http:\/\/www.facebook.com\/winesofsicily","article_modified_time":"2022-10-27T02:35:15+00:00","og_image":[{"url":"https:\/\/winesofsicily.ca\/wp-content\/uploads\/2015\/05\/Mosaic-1.jpg","type":"","width":"","height":""}],"twitter_card":"summary_large_image","twitter_site":"@winesofsicily","twitter_misc":{"Dur\u00e9e de lecture estim\u00e9e":"4 minutes"},"schema":{"@context":"https:\/\/schema.org","@graph":[{"@type":"WebPage","@id":"https:\/\/winesofsicily.ca\/fr\/mosaique-de-saveurs\/","url":"https:\/\/winesofsicily.ca\/fr\/mosaique-de-saveurs\/","name":"Mosa\u00efque de saveurs","isPartOf":{"@id":"https:\/\/winesofsicily.ca\/fr\/#website"},"primaryImageOfPage":{"@id":"https:\/\/winesofsicily.ca\/fr\/mosaique-de-saveurs\/#primaryimage"},"image":{"@id":"https:\/\/winesofsicily.ca\/fr\/mosaique-de-saveurs\/#primaryimage"},"thumbnailUrl":"https:\/\/winesofsicily.ca\/wp-content\/uploads\/2015\/05\/Mosaic-1.jpg","datePublished":"2015-05-18T02:57:18+00:00","dateModified":"2022-10-27T02:35:15+00:00","description":"C\u00e9l\u00e8bre dans le monde entier, la cuisine de la Sicile t\u00e9moigne de l\u2019abondance et de la biodiversit\u00e9 de l\u2019\u00eele","breadcrumb":{"@id":"https:\/\/winesofsicily.ca\/fr\/mosaique-de-saveurs\/#breadcrumb"},"inLanguage":"fr-FR","potentialAction":[{"@type":"ReadAction","target":["https:\/\/winesofsicily.ca\/fr\/mosaique-de-saveurs\/"]}]},{"@type":"ImageObject","inLanguage":"fr-FR","@id":"https:\/\/winesofsicily.ca\/fr\/mosaique-de-saveurs\/#primaryimage","url":"https:\/\/winesofsicily.ca\/wp-content\/uploads\/2015\/05\/Mosaic-1.jpg","contentUrl":"https:\/\/winesofsicily.ca\/wp-content\/uploads\/2015\/05\/Mosaic-1.jpg"},{"@type":"BreadcrumbList","@id":"https:\/\/winesofsicily.ca\/fr\/mosaique-de-saveurs\/#breadcrumb","itemListElement":[{"@type":"ListItem","position":1,"name":"Home","item":"http:\/\/winesofsicily.ca\/fr\/"},{"@type":"ListItem","position":2,"name":"Mosa\u00efque de saveurs"}]},{"@type":"WebSite","@id":"https:\/\/winesofsicily.ca\/fr\/#website","url":"https:\/\/winesofsicily.ca\/fr\/","name":"Wines of Sicily","description":"Explore a Mosaic of Flavors","potentialAction":[{"@type":"SearchAction","target":{"@type":"EntryPoint","urlTemplate":"https:\/\/winesofsicily.ca\/fr\/?s={search_term_string}"},"query-input":{"@type":"PropertyValueSpecification","valueRequired":true,"valueName":"search_term_string"}}],"inLanguage":"fr-FR"}]}},"jetpack_sharing_enabled":true,"_links":{"self":[{"href":"https:\/\/winesofsicily.ca\/fr\/wp-json\/wp\/v2\/pages\/1493","targetHints":{"allow":["GET"]}}],"collection":[{"href":"https:\/\/winesofsicily.ca\/fr\/wp-json\/wp\/v2\/pages"}],"about":[{"href":"https:\/\/winesofsicily.ca\/fr\/wp-json\/wp\/v2\/types\/page"}],"author":[{"embeddable":true,"href":"https:\/\/winesofsicily.ca\/fr\/wp-json\/wp\/v2\/users\/7"}],"replies":[{"embeddable":true,"href":"https:\/\/winesofsicily.ca\/fr\/wp-json\/wp\/v2\/comments?post=1493"}],"version-history":[{"count":0,"href":"https:\/\/winesofsicily.ca\/fr\/wp-json\/wp\/v2\/pages\/1493\/revisions"}],"wp:attachment":[{"href":"https:\/\/winesofsicily.ca\/fr\/wp-json\/wp\/v2\/media?parent=1493"}],"curies":[{"name":"wp","href":"https:\/\/api.w.org\/{rel}","templated":true}]}}