{"id":1499,"date":"2020-12-28T19:29:59","date_gmt":"2020-12-28T19:29:59","guid":{"rendered":"https:\/\/winesofsicily.ca\/?page_id=1499"},"modified":"2022-11-16T19:38:50","modified_gmt":"2022-11-16T19:38:50","slug":"achetez-des-vins-de-sicile-doc","status":"publish","type":"page","link":"https:\/\/winesofsicily.ca\/fr\/achetez-des-vins-de-sicile-doc\/","title":{"rendered":"Achetez des Vins de Sicilia DOC"},"content":{"rendered":"<div class=\"fusion-one-half fusion-layout-column fusion-spacing-yes\" style=\"margin-top:0px;margin-bottom:20px;\"><div class=\"fusion-column-wrapper\"><h1>Achetez des Vins de Sicilia DOC<\/h1>\n<p>Souhaitez-vous essayer des vins nouveaux, originaux et artisanaux? Bienvenue \u00e0 Vins de Sicile DOC. Nous sommes fiers de la vari\u00e9t\u00e9 de vins complexes, mais abordables, produits et d\u00e9gust\u00e9s en Sicile depuis des si\u00e8cles; nous vous invitons \u00e0 consid\u00e9rer les vins d\u2019appellation Sicilia DOC et les plats qu\u2019ils accompagnent comme faisant partie int\u00e9grante de la culture chaleureuse et accueillante de la Sicile.<\/p>\n<p>Texture. Complexit\u00e9. Fra\u00eecheur. Caract\u00e8re. Les qualit\u00e9s qui rendent nos vins si remarquables sont les m\u00eames que celles qui rendent leur \u00eele d\u2019origine si l\u00e9gendaire. Heureusement, les saveurs embl\u00e9matiques de la Sicile sont maintenant \u00e0 port\u00e9e de main.<\/p>\n<p>Procurez-vous votre propre bouteille de vin Sicilia DOC aupr\u00e8s des d\u00e9taillants ci-dessous. Gr\u00e2ce \u00e0 diverses options d\u2019achat, comme les commandes en ligne et la livraison locale, la saveur des rives ensoleill\u00e9es de la Sicile n\u2019est qu\u2019\u00e0 un clic de distance.<\/p>\n<div class=\"fusion-clearfix\"><\/div><\/div><\/div><div class=\"fusion-one-half fusion-layout-column fusion-column-last fusion-spacing-yes\" style=\"margin-top:0px;margin-bottom:20px;\"><div class=\"fusion-column-wrapper\"><div style=\"text-align: center;\"><a href=\"\/fr\/achetez-des-vins-de-sicile-doc\/vins-de-sicilia-doc-fiche-technique\/\"><img data-recalc-dims=\"1\" decoding=\"async\" class=\"size-full wp-image-1147 alignnone\" style=\"max-width: 90%; margin: 0 auto;\" src=\"https:\/\/i0.wp.com\/winesofsicily.ca\/wp-content\/uploads\/2022\/11\/buy-wines-cta-768x665-fr.jpg?w=1100&#038;ssl=1\" alt=\"buy-wines-cta\" \/><\/a><\/div>\n<div class=\"fusion-clearfix\"><\/div><\/div><\/div><div class=\"fusion-clearfix\"><\/div><div class=\"fusion-fullwidth fullwidth-box fusion-fullwidth-1  fusion-parallax-none nonhundred-percent-fullwidth fusion-equal-height-columns\" style=\"border-color:#eae9e9;border-bottom-width: 0px;border-top-width: 0px;border-bottom-style: solid;border-top-style: solid;padding-bottom:20px;padding-top:20px;padding-left:;padding-right:;background-color:rgba(255,255,255,0);\"><style type=\"text\/css\" scoped=\"scoped\">.fusion-fullwidth-1 {\n                            padding-left: px !important;\n                            padding-right: px !important;\n                        }<\/style><div class=\"fusion-row\"><div class=\"fusion-one-third fusion-layout-column fusion-spacing-yes\" style=\"margin-top:0px;margin-bottom:20px;\"><div class=\"fusion-column-wrapper\"><div style=\"padding: 20px; text-align: center; vertical-align: bottom; height: 100%;\">\n<p><a href=\"https:\/\/www.lcbo.com\/fr\/\" target=\"_blank\" rel=\"noopener\"><br \/>\n<img data-recalc-dims=\"1\" decoding=\"async\" class=\"alignnone size-full wp-image-1152\" style=\"max-width: 75%; padding: 28px;\" src=\"https:\/\/i0.wp.com\/winesofsicily.ca\/wp-content\/uploads\/2022\/10\/logo-lcbo.png?w=1100&#038;ssl=1\" alt=\"lcbo\" \/><\/a><\/p>\n<p style=\"text-align: center; margin: 20px auto;\"><a href=\"https:\/\/www.lcbo.com\/fr\/\" target=\"_blank\" rel=\"noopener\"><span style=\"display: inline-block; width: 200px; padding: 8px; text-align: center; background-color: #e08627; border-bottom: 3px solid #C46814; color: white;\">Achetez les Vins de Sicilia DOC \u00e0 la LCBO<\/span><\/a><\/p>\n<\/div>\n<div class=\"fusion-clearfix\"><\/div><\/div><\/div><div class=\"fusion-one-third fusion-layout-column fusion-spacing-yes\" style=\"margin-top:0px;margin-bottom:20px;\"><div class=\"fusion-column-wrapper\"><div style=\"padding: 20px; text-align: center;\">\n<p><a href=\"https:\/\/www.saq.com\/\" target=\"_blank\" rel=\"noopener\"><br \/>\n<img data-recalc-dims=\"1\" decoding=\"async\" class=\"alignnone size-full wp-image-1152\" style=\"max-width: 75%;\" src=\"https:\/\/i0.wp.com\/winesofsicily.ca\/wp-content\/uploads\/2022\/10\/SAQ-logo.png?w=1100&#038;ssl=1\" alt=\"SAQ\" \/><\/a><\/p>\n<p style=\"text-align: center; margin: 20px auto;\"><a href=\"https:\/\/www.saq.com\/fr\/produits\/vin?appellation=Sicilia\" target=\"_blank\" rel=\"noopener\"><span style=\"display: inline-block; width: 200px; padding: 8px; text-align: center; background-color: #e08627; border-bottom: 3px solid #C46814; color: white;\">Achetez les Vins de Sicilia DOC \u00e0 la SAQ<\/span><\/a><\/p>\n<\/div>\n<div class=\"fusion-clearfix\"><\/div><\/div><\/div><\/div><\/div>\n","protected":false},"excerpt":{"rendered":"","protected":false},"author":7,"featured_media":0,"parent":0,"menu_order":4,"comment_status":"closed","ping_status":"closed","template":"","meta":{"nf_dc_page":"","_monsterinsights_skip_tracking":false,"_monsterinsights_sitenote_active":false,"_monsterinsights_sitenote_note":"","_monsterinsights_sitenote_category":0,"footnotes":""},"class_list":["post-1499","page","type-page","status-publish","hentry"],"yoast_head":"<!-- This site is optimized with the Yoast SEO plugin v27.4 - https:\/\/yoast.com\/product\/yoast-seo-wordpress\/ -->\n<title>Achetez des Vins de Sicilia DOC - Wines of Sicily<\/title>\n<meta name=\"description\" content=\"Souhaitez-vous essayer des vins nouveaux, originaux et artisanaux? Bienvenue \u00e0 Vins de Sicile DOC.\" \/>\n<meta name=\"robots\" content=\"index, follow, max-snippet:-1, max-image-preview:large, max-video-preview:-1\" \/>\n<link rel=\"canonical\" href=\"https:\/\/winesofsicily.ca\/fr\/achetez-des-vins-de-sicile-doc\/\" \/>\n<meta property=\"og:locale\" content=\"fr_FR\" \/>\n<meta property=\"og:type\" content=\"article\" \/>\n<meta property=\"og:title\" content=\"Achetez des Vins de Sicilia DOC - Wines of Sicily\" \/>\n<meta property=\"og:description\" content=\"Souhaitez-vous essayer des vins nouveaux, originaux et artisanaux? Bienvenue \u00e0 Vins de Sicile DOC.\" \/>\n<meta property=\"og:url\" content=\"https:\/\/winesofsicily.ca\/fr\/achetez-des-vins-de-sicile-doc\/\" \/>\n<meta property=\"og:site_name\" content=\"Wines of Sicily\" \/>\n<meta property=\"article:publisher\" content=\"http:\/\/www.facebook.com\/winesofsicily\" \/>\n<meta property=\"article:modified_time\" content=\"2022-11-16T19:38:50+00:00\" \/>\n<meta property=\"og:image\" content=\"https:\/\/winesofsicily.ca\/wp-content\/uploads\/2022\/11\/buy-wines-cta-768x665-fr.jpg\" \/>\n<meta name=\"twitter:card\" content=\"summary_large_image\" \/>\n<meta name=\"twitter:site\" content=\"@winesofsicily\" \/>\n<meta name=\"twitter:label1\" content=\"Dur\u00e9e de lecture estim\u00e9e\" \/>\n\t<meta name=\"twitter:data1\" content=\"2 minutes\" \/>\n<script type=\"application\/ld+json\" class=\"yoast-schema-graph\">{\"@context\":\"https:\\\/\\\/schema.org\",\"@graph\":[{\"@type\":\"WebPage\",\"@id\":\"https:\\\/\\\/winesofsicily.ca\\\/fr\\\/achetez-des-vins-de-sicile-doc\\\/\",\"url\":\"https:\\\/\\\/winesofsicily.ca\\\/fr\\\/achetez-des-vins-de-sicile-doc\\\/\",\"name\":\"Achetez des Vins de Sicilia DOC - Wines of Sicily\",\"isPartOf\":{\"@id\":\"https:\\\/\\\/winesofsicily.ca\\\/fr\\\/#website\"},\"primaryImageOfPage\":{\"@id\":\"https:\\\/\\\/winesofsicily.ca\\\/fr\\\/achetez-des-vins-de-sicile-doc\\\/#primaryimage\"},\"image\":{\"@id\":\"https:\\\/\\\/winesofsicily.ca\\\/fr\\\/achetez-des-vins-de-sicile-doc\\\/#primaryimage\"},\"thumbnailUrl\":\"https:\\\/\\\/winesofsicily.ca\\\/wp-content\\\/uploads\\\/2022\\\/11\\\/buy-wines-cta-768x665-fr.jpg\",\"datePublished\":\"2020-12-28T19:29:59+00:00\",\"dateModified\":\"2022-11-16T19:38:50+00:00\",\"description\":\"Souhaitez-vous essayer des vins nouveaux, originaux et artisanaux? Bienvenue \u00e0 Vins de Sicile DOC.\",\"breadcrumb\":{\"@id\":\"https:\\\/\\\/winesofsicily.ca\\\/fr\\\/achetez-des-vins-de-sicile-doc\\\/#breadcrumb\"},\"inLanguage\":\"fr-FR\",\"potentialAction\":[{\"@type\":\"ReadAction\",\"target\":[\"https:\\\/\\\/winesofsicily.ca\\\/fr\\\/achetez-des-vins-de-sicile-doc\\\/\"]}]},{\"@type\":\"ImageObject\",\"inLanguage\":\"fr-FR\",\"@id\":\"https:\\\/\\\/winesofsicily.ca\\\/fr\\\/achetez-des-vins-de-sicile-doc\\\/#primaryimage\",\"url\":\"https:\\\/\\\/winesofsicily.ca\\\/wp-content\\\/uploads\\\/2022\\\/11\\\/buy-wines-cta-768x665-fr.jpg\",\"contentUrl\":\"https:\\\/\\\/winesofsicily.ca\\\/wp-content\\\/uploads\\\/2022\\\/11\\\/buy-wines-cta-768x665-fr.jpg\"},{\"@type\":\"BreadcrumbList\",\"@id\":\"https:\\\/\\\/winesofsicily.ca\\\/fr\\\/achetez-des-vins-de-sicile-doc\\\/#breadcrumb\",\"itemListElement\":[{\"@type\":\"ListItem\",\"position\":1,\"name\":\"Home\",\"item\":\"http:\\\/\\\/winesofsicily.ca\\\/fr\\\/\"},{\"@type\":\"ListItem\",\"position\":2,\"name\":\"Achetez des Vins de Sicilia DOC\"}]},{\"@type\":\"WebSite\",\"@id\":\"https:\\\/\\\/winesofsicily.ca\\\/fr\\\/#website\",\"url\":\"https:\\\/\\\/winesofsicily.ca\\\/fr\\\/\",\"name\":\"Wines of Sicily\",\"description\":\"Explore a Mosaic of Flavors\",\"potentialAction\":[{\"@type\":\"SearchAction\",\"target\":{\"@type\":\"EntryPoint\",\"urlTemplate\":\"https:\\\/\\\/winesofsicily.ca\\\/fr\\\/?s={search_term_string}\"},\"query-input\":{\"@type\":\"PropertyValueSpecification\",\"valueRequired\":true,\"valueName\":\"search_term_string\"}}],\"inLanguage\":\"fr-FR\"}]}<\/script>\n<!-- \/ Yoast SEO plugin. -->","yoast_head_json":{"title":"Achetez des Vins de Sicilia DOC - Wines of Sicily","description":"Souhaitez-vous essayer des vins nouveaux, originaux et artisanaux? Bienvenue \u00e0 Vins de Sicile DOC.","robots":{"index":"index","follow":"follow","max-snippet":"max-snippet:-1","max-image-preview":"max-image-preview:large","max-video-preview":"max-video-preview:-1"},"canonical":"https:\/\/winesofsicily.ca\/fr\/achetez-des-vins-de-sicile-doc\/","og_locale":"fr_FR","og_type":"article","og_title":"Achetez des Vins de Sicilia DOC - Wines of Sicily","og_description":"Souhaitez-vous essayer des vins nouveaux, originaux et artisanaux? Bienvenue \u00e0 Vins de Sicile DOC.","og_url":"https:\/\/winesofsicily.ca\/fr\/achetez-des-vins-de-sicile-doc\/","og_site_name":"Wines of Sicily","article_publisher":"http:\/\/www.facebook.com\/winesofsicily","article_modified_time":"2022-11-16T19:38:50+00:00","og_image":[{"url":"https:\/\/winesofsicily.ca\/wp-content\/uploads\/2022\/11\/buy-wines-cta-768x665-fr.jpg","type":"","width":"","height":""}],"twitter_card":"summary_large_image","twitter_site":"@winesofsicily","twitter_misc":{"Dur\u00e9e de lecture estim\u00e9e":"2 minutes"},"schema":{"@context":"https:\/\/schema.org","@graph":[{"@type":"WebPage","@id":"https:\/\/winesofsicily.ca\/fr\/achetez-des-vins-de-sicile-doc\/","url":"https:\/\/winesofsicily.ca\/fr\/achetez-des-vins-de-sicile-doc\/","name":"Achetez des Vins de Sicilia DOC - Wines of Sicily","isPartOf":{"@id":"https:\/\/winesofsicily.ca\/fr\/#website"},"primaryImageOfPage":{"@id":"https:\/\/winesofsicily.ca\/fr\/achetez-des-vins-de-sicile-doc\/#primaryimage"},"image":{"@id":"https:\/\/winesofsicily.ca\/fr\/achetez-des-vins-de-sicile-doc\/#primaryimage"},"thumbnailUrl":"https:\/\/winesofsicily.ca\/wp-content\/uploads\/2022\/11\/buy-wines-cta-768x665-fr.jpg","datePublished":"2020-12-28T19:29:59+00:00","dateModified":"2022-11-16T19:38:50+00:00","description":"Souhaitez-vous essayer des vins nouveaux, originaux et artisanaux? Bienvenue \u00e0 Vins de Sicile DOC.","breadcrumb":{"@id":"https:\/\/winesofsicily.ca\/fr\/achetez-des-vins-de-sicile-doc\/#breadcrumb"},"inLanguage":"fr-FR","potentialAction":[{"@type":"ReadAction","target":["https:\/\/winesofsicily.ca\/fr\/achetez-des-vins-de-sicile-doc\/"]}]},{"@type":"ImageObject","inLanguage":"fr-FR","@id":"https:\/\/winesofsicily.ca\/fr\/achetez-des-vins-de-sicile-doc\/#primaryimage","url":"https:\/\/winesofsicily.ca\/wp-content\/uploads\/2022\/11\/buy-wines-cta-768x665-fr.jpg","contentUrl":"https:\/\/winesofsicily.ca\/wp-content\/uploads\/2022\/11\/buy-wines-cta-768x665-fr.jpg"},{"@type":"BreadcrumbList","@id":"https:\/\/winesofsicily.ca\/fr\/achetez-des-vins-de-sicile-doc\/#breadcrumb","itemListElement":[{"@type":"ListItem","position":1,"name":"Home","item":"http:\/\/winesofsicily.ca\/fr\/"},{"@type":"ListItem","position":2,"name":"Achetez des Vins de Sicilia DOC"}]},{"@type":"WebSite","@id":"https:\/\/winesofsicily.ca\/fr\/#website","url":"https:\/\/winesofsicily.ca\/fr\/","name":"Wines of Sicily","description":"Explore a Mosaic of Flavors","potentialAction":[{"@type":"SearchAction","target":{"@type":"EntryPoint","urlTemplate":"https:\/\/winesofsicily.ca\/fr\/?s={search_term_string}"},"query-input":{"@type":"PropertyValueSpecification","valueRequired":true,"valueName":"search_term_string"}}],"inLanguage":"fr-FR"}]}},"jetpack_sharing_enabled":true,"_links":{"self":[{"href":"https:\/\/winesofsicily.ca\/fr\/wp-json\/wp\/v2\/pages\/1499","targetHints":{"allow":["GET"]}}],"collection":[{"href":"https:\/\/winesofsicily.ca\/fr\/wp-json\/wp\/v2\/pages"}],"about":[{"href":"https:\/\/winesofsicily.ca\/fr\/wp-json\/wp\/v2\/types\/page"}],"author":[{"embeddable":true,"href":"https:\/\/winesofsicily.ca\/fr\/wp-json\/wp\/v2\/users\/7"}],"replies":[{"embeddable":true,"href":"https:\/\/winesofsicily.ca\/fr\/wp-json\/wp\/v2\/comments?post=1499"}],"version-history":[{"count":0,"href":"https:\/\/winesofsicily.ca\/fr\/wp-json\/wp\/v2\/pages\/1499\/revisions"}],"wp:attachment":[{"href":"https:\/\/winesofsicily.ca\/fr\/wp-json\/wp\/v2\/media?parent=1499"}],"curies":[{"name":"wp","href":"https:\/\/api.w.org\/{rel}","templated":true}]}}