{"id":1502,"date":"2015-05-18T02:57:40","date_gmt":"2015-05-18T02:57:40","guid":{"rendered":"https:\/\/winesofsicily.ca\/?page_id=1502"},"modified":"2022-10-28T18:55:30","modified_gmt":"2022-10-28T18:55:30","slug":"recettes-et-accords","status":"publish","type":"page","link":"https:\/\/winesofsicily.ca\/fr\/recettes-et-accords\/","title":{"rendered":"Recettes et accords"},"content":{"rendered":"<div class=\"fusion-one-half fusion-layout-column fusion-spacing-yes\" style=\"margin-top:0px;margin-bottom:20px;\"><div class=\"fusion-column-wrapper\"><div class=\"fusion-title title fusion-sep-none fusion-title-size-one\" style=\"margin-top:0px;margin-bottom:31px;\"><h1 class=\"title-heading-left\">Recettes et accords<\/h1><\/div><p>Gr\u00e2ce \u00e0 leur fra\u00eeche acidit\u00e9 et \u00e0 leurs ar\u00f4mes de fruits frais, les vins siciliens sont polyvalents et s\u2019accordent \u00e0 merveille aux plaisirs de la table. En r\u00e8gle g\u00e9n\u00e9rale, les vins blancs sont meilleurs avec des mets l\u00e9gers et les fromages non affin\u00e9s, tandis que les vins rouges s\u2019harmonisent naturellement avec des plats plus costauds. Cela dit, les amateurs de vin blanc peuvent choisir un grillo pour accompagner tout le repas, qu\u2019il s\u2019agisse de p\u00e2tes, de viandes blanches grill\u00e9es ou de fromage de ch\u00e8vre. Les amateurs de vin rouge seront combl\u00e9s par l\u2019incontournable Nero d\u2019Avola, qui s\u2019harmonise avec tout, des antipasti aux viandes grill\u00e9es. <\/p>\n<div class=\"fusion-clearfix\"><\/div><\/div><\/div><div class=\"fusion-one-half fusion-layout-column fusion-column-last fusion-spacing-yes\" style=\"margin-top:0px;margin-bottom:20px;\"><div class=\"fusion-column-wrapper\"><div class=\"fusion-clearfix\"><\/div><\/div><\/div><div class=\"fusion-clearfix\"><\/div>\n","protected":false},"excerpt":{"rendered":"","protected":false},"author":7,"featured_media":0,"parent":0,"menu_order":6,"comment_status":"closed","ping_status":"closed","template":"page-recipes.php","meta":{"nf_dc_page":"","_monsterinsights_skip_tracking":false,"_monsterinsights_sitenote_active":false,"_monsterinsights_sitenote_note":"","_monsterinsights_sitenote_category":0,"footnotes":""},"class_list":["post-1502","page","type-page","status-publish","hentry"],"yoast_head":"<!-- This site is optimized with the Yoast SEO plugin v27.4 - https:\/\/yoast.com\/product\/yoast-seo-wordpress\/ -->\n<title>Recettes et accords - Wines of Sicily<\/title>\n<meta name=\"description\" content=\"Gr\u00e2ce \u00e0 leur fra\u00eeche acidit\u00e9 et \u00e0 leurs ar\u00f4mes de fruits frais, les vins siciliens sont polyvalents et s\u2019accordent \u00e0 merveille aux plaisirs de la table.\" \/>\n<meta name=\"robots\" content=\"index, follow, max-snippet:-1, max-image-preview:large, max-video-preview:-1\" \/>\n<link rel=\"canonical\" href=\"https:\/\/winesofsicily.ca\/fr\/recettes-et-accords\/\" \/>\n<meta property=\"og:locale\" content=\"fr_FR\" \/>\n<meta property=\"og:type\" content=\"article\" \/>\n<meta property=\"og:title\" content=\"Recettes et accords - Wines of Sicily\" \/>\n<meta property=\"og:description\" content=\"Gr\u00e2ce \u00e0 leur fra\u00eeche acidit\u00e9 et \u00e0 leurs ar\u00f4mes de fruits frais, les vins siciliens sont polyvalents et s\u2019accordent \u00e0 merveille aux plaisirs de la table.\" \/>\n<meta property=\"og:url\" content=\"https:\/\/winesofsicily.ca\/fr\/recettes-et-accords\/\" \/>\n<meta property=\"og:site_name\" content=\"Wines of Sicily\" \/>\n<meta property=\"article:publisher\" content=\"http:\/\/www.facebook.com\/winesofsicily\" \/>\n<meta property=\"article:modified_time\" content=\"2022-10-28T18:55:30+00:00\" \/>\n<meta property=\"og:image\" content=\"http:\/\/winesofsicily.winespectator.com\/wp-content\/uploads\/2015\/05\/SiciliaDOC_logo_FINAL_2-2x1.png\" \/>\n<meta name=\"twitter:card\" content=\"summary_large_image\" \/>\n<meta name=\"twitter:site\" content=\"@winesofsicily\" \/>\n<meta name=\"twitter:label1\" content=\"Dur\u00e9e de lecture estim\u00e9e\" \/>\n\t<meta name=\"twitter:data1\" content=\"1 minute\" \/>\n<script type=\"application\/ld+json\" class=\"yoast-schema-graph\">{\"@context\":\"https:\\\/\\\/schema.org\",\"@graph\":[{\"@type\":\"WebPage\",\"@id\":\"https:\\\/\\\/winesofsicily.ca\\\/fr\\\/recettes-et-accords\\\/\",\"url\":\"https:\\\/\\\/winesofsicily.ca\\\/fr\\\/recettes-et-accords\\\/\",\"name\":\"Recettes et accords - Wines of Sicily\",\"isPartOf\":{\"@id\":\"https:\\\/\\\/winesofsicily.ca\\\/fr\\\/#website\"},\"datePublished\":\"2015-05-18T02:57:40+00:00\",\"dateModified\":\"2022-10-28T18:55:30+00:00\",\"description\":\"Gr\u00e2ce \u00e0 leur fra\u00eeche acidit\u00e9 et \u00e0 leurs ar\u00f4mes de fruits frais, les vins siciliens sont polyvalents et s\u2019accordent \u00e0 merveille aux plaisirs de la table.\",\"breadcrumb\":{\"@id\":\"https:\\\/\\\/winesofsicily.ca\\\/fr\\\/recettes-et-accords\\\/#breadcrumb\"},\"inLanguage\":\"fr-FR\",\"potentialAction\":[{\"@type\":\"ReadAction\",\"target\":[\"https:\\\/\\\/winesofsicily.ca\\\/fr\\\/recettes-et-accords\\\/\"]}]},{\"@type\":\"BreadcrumbList\",\"@id\":\"https:\\\/\\\/winesofsicily.ca\\\/fr\\\/recettes-et-accords\\\/#breadcrumb\",\"itemListElement\":[{\"@type\":\"ListItem\",\"position\":1,\"name\":\"Home\",\"item\":\"http:\\\/\\\/winesofsicily.ca\\\/fr\\\/\"},{\"@type\":\"ListItem\",\"position\":2,\"name\":\"Recettes et accords\"}]},{\"@type\":\"WebSite\",\"@id\":\"https:\\\/\\\/winesofsicily.ca\\\/fr\\\/#website\",\"url\":\"https:\\\/\\\/winesofsicily.ca\\\/fr\\\/\",\"name\":\"Wines of Sicily\",\"description\":\"Explore a Mosaic of Flavors\",\"potentialAction\":[{\"@type\":\"SearchAction\",\"target\":{\"@type\":\"EntryPoint\",\"urlTemplate\":\"https:\\\/\\\/winesofsicily.ca\\\/fr\\\/?s={search_term_string}\"},\"query-input\":{\"@type\":\"PropertyValueSpecification\",\"valueRequired\":true,\"valueName\":\"search_term_string\"}}],\"inLanguage\":\"fr-FR\"}]}<\/script>\n<!-- \/ Yoast SEO plugin. -->","yoast_head_json":{"title":"Recettes et accords - Wines of Sicily","description":"Gr\u00e2ce \u00e0 leur fra\u00eeche acidit\u00e9 et \u00e0 leurs ar\u00f4mes de fruits frais, les vins siciliens sont polyvalents et s\u2019accordent \u00e0 merveille aux plaisirs de la table.","robots":{"index":"index","follow":"follow","max-snippet":"max-snippet:-1","max-image-preview":"max-image-preview:large","max-video-preview":"max-video-preview:-1"},"canonical":"https:\/\/winesofsicily.ca\/fr\/recettes-et-accords\/","og_locale":"fr_FR","og_type":"article","og_title":"Recettes et accords - Wines of Sicily","og_description":"Gr\u00e2ce \u00e0 leur fra\u00eeche acidit\u00e9 et \u00e0 leurs ar\u00f4mes de fruits frais, les vins siciliens sont polyvalents et s\u2019accordent \u00e0 merveille aux plaisirs de la table.","og_url":"https:\/\/winesofsicily.ca\/fr\/recettes-et-accords\/","og_site_name":"Wines of Sicily","article_publisher":"http:\/\/www.facebook.com\/winesofsicily","article_modified_time":"2022-10-28T18:55:30+00:00","og_image":[{"url":"http:\/\/winesofsicily.winespectator.com\/wp-content\/uploads\/2015\/05\/SiciliaDOC_logo_FINAL_2-2x1.png","type":"","width":"","height":""}],"twitter_card":"summary_large_image","twitter_site":"@winesofsicily","twitter_misc":{"Dur\u00e9e de lecture estim\u00e9e":"1 minute"},"schema":{"@context":"https:\/\/schema.org","@graph":[{"@type":"WebPage","@id":"https:\/\/winesofsicily.ca\/fr\/recettes-et-accords\/","url":"https:\/\/winesofsicily.ca\/fr\/recettes-et-accords\/","name":"Recettes et accords - Wines of Sicily","isPartOf":{"@id":"https:\/\/winesofsicily.ca\/fr\/#website"},"datePublished":"2015-05-18T02:57:40+00:00","dateModified":"2022-10-28T18:55:30+00:00","description":"Gr\u00e2ce \u00e0 leur fra\u00eeche acidit\u00e9 et \u00e0 leurs ar\u00f4mes de fruits frais, les vins siciliens sont polyvalents et s\u2019accordent \u00e0 merveille aux plaisirs de la table.","breadcrumb":{"@id":"https:\/\/winesofsicily.ca\/fr\/recettes-et-accords\/#breadcrumb"},"inLanguage":"fr-FR","potentialAction":[{"@type":"ReadAction","target":["https:\/\/winesofsicily.ca\/fr\/recettes-et-accords\/"]}]},{"@type":"BreadcrumbList","@id":"https:\/\/winesofsicily.ca\/fr\/recettes-et-accords\/#breadcrumb","itemListElement":[{"@type":"ListItem","position":1,"name":"Home","item":"http:\/\/winesofsicily.ca\/fr\/"},{"@type":"ListItem","position":2,"name":"Recettes et accords"}]},{"@type":"WebSite","@id":"https:\/\/winesofsicily.ca\/fr\/#website","url":"https:\/\/winesofsicily.ca\/fr\/","name":"Wines of Sicily","description":"Explore a Mosaic of Flavors","potentialAction":[{"@type":"SearchAction","target":{"@type":"EntryPoint","urlTemplate":"https:\/\/winesofsicily.ca\/fr\/?s={search_term_string}"},"query-input":{"@type":"PropertyValueSpecification","valueRequired":true,"valueName":"search_term_string"}}],"inLanguage":"fr-FR"}]}},"jetpack_sharing_enabled":true,"_links":{"self":[{"href":"https:\/\/winesofsicily.ca\/fr\/wp-json\/wp\/v2\/pages\/1502","targetHints":{"allow":["GET"]}}],"collection":[{"href":"https:\/\/winesofsicily.ca\/fr\/wp-json\/wp\/v2\/pages"}],"about":[{"href":"https:\/\/winesofsicily.ca\/fr\/wp-json\/wp\/v2\/types\/page"}],"author":[{"embeddable":true,"href":"https:\/\/winesofsicily.ca\/fr\/wp-json\/wp\/v2\/users\/7"}],"replies":[{"embeddable":true,"href":"https:\/\/winesofsicily.ca\/fr\/wp-json\/wp\/v2\/comments?post=1502"}],"version-history":[{"count":0,"href":"https:\/\/winesofsicily.ca\/fr\/wp-json\/wp\/v2\/pages\/1502\/revisions"}],"wp:attachment":[{"href":"https:\/\/winesofsicily.ca\/fr\/wp-json\/wp\/v2\/media?parent=1502"}],"curies":[{"name":"wp","href":"https:\/\/api.w.org\/{rel}","templated":true}]}}